{"id":498,"date":"2025-11-21T14:37:58","date_gmt":"2025-11-21T13:37:58","guid":{"rendered":"https:\/\/fenix-asso.com\/?page_id=498"},"modified":"2025-11-28T16:23:03","modified_gmt":"2025-11-28T15:23:03","slug":"inscription-ds","status":"publish","type":"page","link":"https:\/\/fenix-asso.com\/index.php\/inscription-ds\/","title":{"rendered":"Inscription D\u00e9veloppement Sportif"},"content":{"rendered":"\n<div style=\"height:100px\" aria-hidden=\"true\" class=\"maxi-block--use-sc wp-block-spacer\"><\/div>\n\n\n\n<h2 class=\"maxi-block--use-sc wp-block-heading\"><strong>Le D\u00e9veloppement Sportif : un parcours accessible, ludique et formateur<\/strong><\/h2>\n\n\n\n<p class=\"maxi-block--use-sc\">Le parcours <strong>D\u00e9veloppement Sportif<\/strong> s\u2019adresse aux jeunes joueurs souhaitant pratiquer le handball dans un esprit alliant <strong>plaisir, progression et convivialit\u00e9<\/strong>. Con\u00e7u pour offrir un \u00e9quilibre entre apprentissage et jeu, il constitue une porte d\u2019entr\u00e9e id\u00e9ale pour tous ceux qui souhaitent d\u00e9couvrir ou continuer le handball \u00e0 un rythme raisonnable et sans pression.<\/p>\n\n\n\n<div style=\"height:97px\" aria-hidden=\"true\" class=\"maxi-block--use-sc wp-block-spacer\"><\/div>\n\n\n\n<figure class=\"maxi-block--use-sc wp-block-image aligncenter size-large\"><img loading=\"lazy\" decoding=\"async\" width=\"1024\" height=\"768\" src=\"https:\/\/fenix-asso.com\/wp-content\/uploads\/2025\/11\/WhatsApp-Image-2025-11-10-at-10.58.14-1024x768.jpeg\" alt=\"\" class=\"wp-image-277\" srcset=\"https:\/\/fenix-asso.com\/wp-content\/uploads\/2025\/11\/WhatsApp-Image-2025-11-10-at-10.58.14-1024x768.jpeg 1024w, https:\/\/fenix-asso.com\/wp-content\/uploads\/2025\/11\/WhatsApp-Image-2025-11-10-at-10.58.14-300x225.jpeg 300w, https:\/\/fenix-asso.com\/wp-content\/uploads\/2025\/11\/WhatsApp-Image-2025-11-10-at-10.58.14-768x576.jpeg 768w, https:\/\/fenix-asso.com\/wp-content\/uploads\/2025\/11\/WhatsApp-Image-2025-11-10-at-10.58.14-1536x1152.jpeg 1536w, https:\/\/fenix-asso.com\/wp-content\/uploads\/2025\/11\/WhatsApp-Image-2025-11-10-at-10.58.14.jpeg 1600w\" sizes=\"auto, (max-width: 1024px) 100vw, 1024px\" \/><\/figure>\n\n\n\n<div class=\"maxi-block--use-sc wp-block-buttons is-content-justification-center is-layout-flex wp-container-core-buttons-is-layout-a89b3969 wp-block-buttons-is-layout-flex\">\n<div class=\"maxi-block--use-sc wp-block-button has-custom-width wp-block-button__width-50\"><a class=\"wp-block-button__link has-site-title-font-size has-custom-font-size wp-element-button\" style=\"border-radius:100px\">Inscription pour tous : U9 &#8211; U13 &#8211; U15 &#8211; U18<\/a><\/div>\n<\/div>\n\n\n\n<div style=\"height:97px\" aria-hidden=\"true\" class=\"maxi-block--use-sc wp-block-spacer\"><\/div>\n\n\n\n<h3 class=\"maxi-block--use-sc wp-block-heading\"><strong>Une s\u00e9ance par semaine pour progresser \u00e0 son rythme<\/strong><\/h3>\n\n\n\n<p class=\"maxi-block--use-sc\">Chaque semaine, les joueurs participent \u00e0 <strong>une s\u00e9ance d\u2019entra\u00eenement adapt\u00e9e<\/strong>, centr\u00e9e sur :<\/p>\n\n\n\n<ul class=\"maxi-block--use-sc wp-block-list\">\n<li class=\"maxi-block--use-sc\">l\u2019acquisition des bases techniques du handball,<\/li>\n\n\n\n<li class=\"maxi-block--use-sc\">le d\u00e9veloppement de la coordination et des habilet\u00e9s motrices,<\/li>\n\n\n\n<li class=\"maxi-block--use-sc\">l\u2019apprentissage du jeu collectif,<\/li>\n\n\n\n<li class=\"maxi-block--use-sc\">la d\u00e9couverte des valeurs du handball : respect, engagement, solidarit\u00e9.<\/li>\n<\/ul>\n\n\n\n<p class=\"maxi-block--use-sc\">Les contenus sont pens\u00e9s pour \u00eatre <strong>accessibles \u00e0 tous les niveaux<\/strong>, permettant \u00e0 chacun d\u2019\u00e9voluer dans un contexte bienveillant, sans enjeu de performance excessive.<\/p>\n\n\n\n<p class=\"maxi-block--use-sc\"><\/p>\n\n\n\n<h3 class=\"maxi-block--use-sc wp-block-heading\"><strong>Un match pour vivre l\u2019exp\u00e9rience du jeu<\/strong><\/h3>\n\n\n\n<p class=\"maxi-block--use-sc has-vivid-red-color has-text-color has-link-color wp-elements-99aa0263590c9073e46d098b3675b9e0\">\u00c0 cette s\u00e9ance vient s\u2019ajouter <strong>un match chaque week-end<\/strong> <strong><em>(il est toutefois important d&rsquo;\u00eatre disponible pour respecter l&rsquo;engagement collectif)<\/em><\/strong> , l\u2019occasion id\u00e9ale de :<\/p>\n\n\n\n<ul class=\"maxi-block--use-sc wp-block-list\">\n<li class=\"maxi-block--use-sc\">mettre en pratique les apprentissages,<\/li>\n\n\n\n<li class=\"maxi-block--use-sc\">vivre le plaisir de la comp\u00e9tition,<\/li>\n\n\n\n<li class=\"maxi-block--use-sc\">progresser en situation r\u00e9elle,<\/li>\n\n\n\n<li class=\"maxi-block--use-sc\">partager un moment fort avec ses co\u00e9quipiers.<\/li>\n<\/ul>\n\n\n\n<p class=\"maxi-block--use-sc\">Ces rencontres se d\u00e9roulent dans un esprit <strong>respectueux et formateur<\/strong>, o\u00f9 l\u2019enjeu principal reste le plaisir du jeu et la d\u00e9couverte.<\/p>\n\n\n\n<p class=\"maxi-block--use-sc\"><\/p>\n\n\n\n<h3 class=\"maxi-block--use-sc wp-block-heading\"><strong>Un cadre convivial et f\u00e9d\u00e9rateur<\/strong><\/h3>\n\n\n\n<p class=\"maxi-block--use-sc\">Le parcours D\u00e9veloppement Sportif se veut avant tout un espace :<\/p>\n\n\n\n<ul class=\"maxi-block--use-sc wp-block-list\">\n<li class=\"maxi-block--use-sc\">d\u2019\u00e9panouissement personnel,<\/li>\n\n\n\n<li class=\"maxi-block--use-sc\">de socialisation,<\/li>\n\n\n\n<li class=\"maxi-block--use-sc\">d\u2019apprentissage du vivre-ensemble,<\/li>\n\n\n\n<li class=\"maxi-block--use-sc\">et de plaisir partag\u00e9.<\/li>\n<\/ul>\n\n\n\n<p class=\"maxi-block--use-sc\">Il permet aux jeunes de s\u2019int\u00e9grer \u00e0 une \u00e9quipe, de d\u00e9velopper leur confiance et de vivre une exp\u00e9rience sportive positive.<\/p>\n\n\n\n<p class=\"maxi-block--use-sc\"><\/p>\n\n\n\n<h3 class=\"maxi-block--use-sc wp-block-heading\"><strong>Pour qui ?<\/strong><\/h3>\n\n\n\n<p class=\"maxi-block--use-sc\">Cette formule s\u2019adresse :<\/p>\n\n\n\n<ul class=\"maxi-block--use-sc wp-block-list\">\n<li class=\"maxi-block--use-sc\">aux jeunes qui souhaitent pratiquer le handball <strong>de mani\u00e8re occasionnelle<\/strong>,<\/li>\n\n\n\n<li class=\"maxi-block--use-sc\">\u00e0 ceux qui recherchent une activit\u00e9 sportive <strong>plaisante et non contraignante<\/strong>,<\/li>\n\n\n\n<li class=\"maxi-block--use-sc\">aux d\u00e9butants comme aux pratiquants d\u00e9j\u00e0 initi\u00e9s.<\/li>\n<\/ul>\n\n\n\n<div style=\"height:100px\" aria-hidden=\"true\" class=\"maxi-block--use-sc wp-block-spacer\"><\/div>\n","protected":false},"excerpt":{"rendered":"<p>Le D\u00e9veloppement Sportif : un parcours accessible, ludique et formateur Le parcours D\u00e9veloppement Sportif s\u2019adresse aux jeunes joueurs souhaitant pratiquer le handball dans un esprit alliant plaisir, progression et convivialit\u00e9. Con\u00e7u pour offrir un \u00e9quilibre entre apprentissage et jeu, il constitue une porte d\u2019entr\u00e9e id\u00e9ale pour tous ceux qui souhaitent d\u00e9couvrir ou continuer le handball [&hellip;]<\/p>\n","protected":false},"author":4,"featured_media":0,"parent":0,"menu_order":0,"comment_status":"closed","ping_status":"closed","template":"","meta":{"footnotes":""},"class_list":["post-498","page","type-page","status-publish","hentry"],"_links":{"self":[{"href":"https:\/\/fenix-asso.com\/index.php\/wp-json\/wp\/v2\/pages\/498","targetHints":{"allow":["GET"]}}],"collection":[{"href":"https:\/\/fenix-asso.com\/index.php\/wp-json\/wp\/v2\/pages"}],"about":[{"href":"https:\/\/fenix-asso.com\/index.php\/wp-json\/wp\/v2\/types\/page"}],"author":[{"embeddable":true,"href":"https:\/\/fenix-asso.com\/index.php\/wp-json\/wp\/v2\/users\/4"}],"replies":[{"embeddable":true,"href":"https:\/\/fenix-asso.com\/index.php\/wp-json\/wp\/v2\/comments?post=498"}],"version-history":[{"count":6,"href":"https:\/\/fenix-asso.com\/index.php\/wp-json\/wp\/v2\/pages\/498\/revisions"}],"predecessor-version":[{"id":626,"href":"https:\/\/fenix-asso.com\/index.php\/wp-json\/wp\/v2\/pages\/498\/revisions\/626"}],"wp:attachment":[{"href":"https:\/\/fenix-asso.com\/index.php\/wp-json\/wp\/v2\/media?parent=498"}],"curies":[{"name":"wp","href":"https:\/\/api.w.org\/{rel}","templated":true}]}}