{"id":503,"date":"2025-11-21T14:42:35","date_gmt":"2025-11-21T13:42:35","guid":{"rendered":"https:\/\/fenix-asso.com\/?page_id=503"},"modified":"2025-11-28T16:42:26","modified_gmt":"2025-11-28T15:42:26","slug":"inscription-espoir","status":"publish","type":"page","link":"https:\/\/fenix-asso.com\/index.php\/inscription-espoir\/","title":{"rendered":"Inscription Espoir"},"content":{"rendered":"\n<div style=\"height:100px\" aria-hidden=\"true\" class=\"maxi-block--use-sc wp-block-spacer\"><\/div>\n\n\n\n<h2 class=\"maxi-block--use-sc wp-block-heading\"><strong>La Fili\u00e8re Espoir : un parcours d\u2019exigence pour r\u00e9v\u00e9ler le potentiel des joueurs<\/strong><\/h2>\n\n\n\n<p class=\"maxi-block--use-sc\">La <strong>Fili\u00e8re Espoir<\/strong> s\u2019adresse aux jeunes handballeurs motiv\u00e9s par une pratique plus exigeante, structur\u00e9e et ambitieuse. Pens\u00e9e pour accompagner les joueurs pr\u00e9sentant un fort engagement et une vraie volont\u00e9 de progresser, elle rassemble des effectifs homog\u00e8nes avec pour objectif de d\u00e9velopper au mieux le potentiel de chacun.<\/p>\n\n\n\n<div style=\"height:100px\" aria-hidden=\"true\" class=\"maxi-block--use-sc wp-block-spacer\"><\/div>\n\n\n\n<figure class=\"maxi-block--use-sc wp-block-image aligncenter size-large\"><img loading=\"lazy\" decoding=\"async\" width=\"1024\" height=\"768\" src=\"https:\/\/fenix-asso.com\/wp-content\/uploads\/2025\/11\/WhatsApp-Image-2025-11-10-at-10.58.14-1024x768.jpeg\" alt=\"\" class=\"wp-image-277\" srcset=\"https:\/\/fenix-asso.com\/wp-content\/uploads\/2025\/11\/WhatsApp-Image-2025-11-10-at-10.58.14-1024x768.jpeg 1024w, https:\/\/fenix-asso.com\/wp-content\/uploads\/2025\/11\/WhatsApp-Image-2025-11-10-at-10.58.14-300x225.jpeg 300w, https:\/\/fenix-asso.com\/wp-content\/uploads\/2025\/11\/WhatsApp-Image-2025-11-10-at-10.58.14-768x576.jpeg 768w, https:\/\/fenix-asso.com\/wp-content\/uploads\/2025\/11\/WhatsApp-Image-2025-11-10-at-10.58.14-1536x1152.jpeg 1536w, https:\/\/fenix-asso.com\/wp-content\/uploads\/2025\/11\/WhatsApp-Image-2025-11-10-at-10.58.14.jpeg 1600w\" sizes=\"auto, (max-width: 1024px) 100vw, 1024px\" \/><\/figure>\n\n\n\n<div class=\"maxi-block--use-sc wp-block-buttons is-content-justification-center is-layout-flex wp-container-core-buttons-is-layout-a89b3969 wp-block-buttons-is-layout-flex\">\n<div class=\"maxi-block--use-sc wp-block-button has-custom-width wp-block-button__width-50\"><a class=\"wp-block-button__link has-site-title-font-size has-custom-font-size wp-element-button\" style=\"border-radius:100px\">Candidature : U11 &#8211; U13 &#8211; U15 &#8211; U18 &#8211; Seniors<\/a><\/div>\n<\/div>\n\n\n\n<div style=\"height:100px\" aria-hidden=\"true\" class=\"maxi-block--use-sc wp-block-spacer\"><\/div>\n\n\n\n<h3 class=\"maxi-block--use-sc wp-block-heading\"><strong>Un cadre comp\u00e9titif et structur\u00e9<\/strong><\/h3>\n\n\n\n<p class=\"maxi-block--use-sc\">Au sein de cette fili\u00e8re, les joueurs s\u2019entra\u00eenent dans un environnement o\u00f9 :<\/p>\n\n\n\n<ul class=\"maxi-block--use-sc wp-block-list\">\n<li class=\"maxi-block--use-sc\"><strong>la progression individuelle<\/strong> est au c\u0153ur du projet,<\/li>\n\n\n\n<li class=\"maxi-block--use-sc\"><strong>le travail collectif<\/strong> occupe une place essentielle,<\/li>\n\n\n\n<li class=\"maxi-block--use-sc\"><strong>l\u2019intensit\u00e9<\/strong> et <strong>la rigueur<\/strong> des s\u00e9ances favorisent le d\u00e9veloppement sportif,<\/li>\n\n\n\n<li class=\"maxi-block--use-sc\">la recherche d\u2019am\u00e9lioration est constante.<\/li>\n<\/ul>\n\n\n\n<p class=\"maxi-block--use-sc\">Le regroupement de joueurs au niveau sportif similaire permet de proposer un contenu adapt\u00e9 et coh\u00e9rent, offrant ainsi les meilleures conditions pour franchir des paliers.<\/p>\n\n\n\n<hr class=\"maxi-block--use-sc wp-block-separator has-alpha-channel-opacity\"\/>\n\n\n\n<h3 class=\"maxi-block--use-sc wp-block-heading\"><strong>Un tremplin vers les niveaux sup\u00e9rieurs<\/strong><\/h3>\n\n\n\n<p class=\"maxi-block--use-sc\">Les \u00e9quipes Espoirs ont \u00e9t\u00e9 con\u00e7ues comme une v\u00e9ritable <strong>rampe d\u2019acc\u00e8s vers les comp\u00e9titions sup\u00e9rieures<\/strong>, telles que :<\/p>\n\n\n\n<ul class=\"maxi-block--use-sc wp-block-list\">\n<li class=\"maxi-block--use-sc\">le niveau <strong>Excellence<\/strong>,<\/li>\n\n\n\n<li class=\"maxi-block--use-sc\">ou le niveau <strong>Honneur Haut<\/strong>.<\/li>\n<\/ul>\n\n\n\n<p class=\"maxi-block--use-sc\">Ce parcours est pens\u00e9 pour pr\u00e9parer progressivement les joueurs aux exigences tactiques, physiques et mentales de ces championnats, tout en leur permettant d\u2019\u00e9voluer dans un cadre structurant et motivant.<\/p>\n\n\n\n<hr class=\"maxi-block--use-sc wp-block-separator has-alpha-channel-opacity\"\/>\n\n\n\n<h3 class=\"maxi-block--use-sc wp-block-heading\"><strong>Repr\u00e9senter pleinement l\u2019ADN du club<\/strong><\/h3>\n\n\n\n<p class=\"maxi-block--use-sc\">Au-del\u00e0 de l\u2019enjeu comp\u00e9titif, les \u00e9quipes Espoirs portent une mission essentielle :<br><strong>incarner les valeurs et l\u2019identit\u00e9 du club en toutes circonstances<\/strong>.<\/p>\n\n\n\n<p class=\"maxi-block--use-sc\">Elles s\u2019engagent \u00e0 :<\/p>\n\n\n\n<ul class=\"maxi-block--use-sc wp-block-list\">\n<li class=\"maxi-block--use-sc\">promouvoir le fair-play et le respect,<\/li>\n\n\n\n<li class=\"maxi-block--use-sc\">faire vivre l\u2019esprit collectif,<\/li>\n\n\n\n<li class=\"maxi-block--use-sc\">valoriser l\u2019engagement et l\u2019entraide,<\/li>\n\n\n\n<li class=\"maxi-block--use-sc\">jouer avec une identit\u00e9 claire, dynamique et ambitieuse, en coh\u00e9rence avec les orientations techniques du club.<\/li>\n<\/ul>\n\n\n\n<p class=\"maxi-block--use-sc\">Chaque match et chaque entra\u00eenement deviennent ainsi l\u2019occasion de refl\u00e9ter l\u2019ADN du club et de former des joueurs complets, tant sur le terrain qu\u2019en dehors.<\/p>\n\n\n\n<hr class=\"maxi-block--use-sc wp-block-separator has-alpha-channel-opacity\"\/>\n\n\n\n<h3 class=\"maxi-block--use-sc wp-block-heading\"><strong>Pour qui ?<\/strong><\/h3>\n\n\n\n<p class=\"maxi-block--use-sc\">La Fili\u00e8re Espoir s\u2019adresse :<\/p>\n\n\n\n<ul class=\"maxi-block--use-sc wp-block-list\">\n<li class=\"maxi-block--use-sc\">aux joueurs motiv\u00e9s et investis,<\/li>\n\n\n\n<li class=\"maxi-block--use-sc\">\u00e0 ceux qui souhaitent progresser dans un cadre comp\u00e9titif,<\/li>\n\n\n\n<li class=\"maxi-block--use-sc\">\u00e0 ceux qui visent les niveaux de jeu sup\u00e9rieurs et acceptent les exigences associ\u00e9es.<\/li>\n<\/ul>\n\n\n\n<div style=\"height:100px\" aria-hidden=\"true\" class=\"maxi-block--use-sc wp-block-spacer\"><\/div>\n","protected":false},"excerpt":{"rendered":"<p>La Fili\u00e8re Espoir : un parcours d\u2019exigence pour r\u00e9v\u00e9ler le potentiel des joueurs La Fili\u00e8re Espoir s\u2019adresse aux jeunes handballeurs motiv\u00e9s par une pratique plus exigeante, structur\u00e9e et ambitieuse. Pens\u00e9e pour accompagner les joueurs pr\u00e9sentant un fort engagement et une vraie volont\u00e9 de progresser, elle rassemble des effectifs homog\u00e8nes avec pour objectif de d\u00e9velopper au [&hellip;]<\/p>\n","protected":false},"author":4,"featured_media":0,"parent":0,"menu_order":0,"comment_status":"closed","ping_status":"closed","template":"","meta":{"footnotes":""},"class_list":["post-503","page","type-page","status-publish","hentry"],"_links":{"self":[{"href":"https:\/\/fenix-asso.com\/index.php\/wp-json\/wp\/v2\/pages\/503","targetHints":{"allow":["GET"]}}],"collection":[{"href":"https:\/\/fenix-asso.com\/index.php\/wp-json\/wp\/v2\/pages"}],"about":[{"href":"https:\/\/fenix-asso.com\/index.php\/wp-json\/wp\/v2\/types\/page"}],"author":[{"embeddable":true,"href":"https:\/\/fenix-asso.com\/index.php\/wp-json\/wp\/v2\/users\/4"}],"replies":[{"embeddable":true,"href":"https:\/\/fenix-asso.com\/index.php\/wp-json\/wp\/v2\/comments?post=503"}],"version-history":[{"count":3,"href":"https:\/\/fenix-asso.com\/index.php\/wp-json\/wp\/v2\/pages\/503\/revisions"}],"predecessor-version":[{"id":628,"href":"https:\/\/fenix-asso.com\/index.php\/wp-json\/wp\/v2\/pages\/503\/revisions\/628"}],"wp:attachment":[{"href":"https:\/\/fenix-asso.com\/index.php\/wp-json\/wp\/v2\/media?parent=503"}],"curies":[{"name":"wp","href":"https:\/\/api.w.org\/{rel}","templated":true}]}}