{"id":515,"date":"2025-11-21T16:03:06","date_gmt":"2025-11-21T15:03:06","guid":{"rendered":"https:\/\/fenix-asso.com\/?page_id=515"},"modified":"2025-11-28T14:19:21","modified_gmt":"2025-11-28T13:19:21","slug":"parents-ref","status":"publish","type":"page","link":"https:\/\/fenix-asso.com\/index.php\/parents-ref\/","title":{"rendered":"PARENTS R\u00c9F\u00c9RENTS"},"content":{"rendered":"\n<div style=\"height:100px\" aria-hidden=\"true\" class=\"maxi-block--use-sc wp-block-spacer\"><\/div>\n\n\n\n<h3 class=\"maxi-block--use-sc wp-block-heading\"><strong>\u201cTu veux t\u2019impliquer dans la vie de l\u2019\u00e9quipe ? Deviens parent r\u00e9f\u00e9rent du F\u00e9nix !\u201d<\/strong><\/h3>\n\n\n\n<p class=\"maxi-block--use-sc\">Au F\u00e9nix Toulouse Handball, les parents r\u00e9f\u00e9rents jouent un r\u00f4le essentiel : ils soutiennent les entra\u00eeneurs, accompagnent les jeunes, facilitent l\u2019organisation et contribuent au bon d\u00e9roulement de toute la saison.<br>Devenir parent r\u00e9f\u00e9rent, c\u2019est entrer au c\u0153ur de la vie de l\u2019\u00e9quipe, cr\u00e9er du lien entre les familles, participer \u00e0 l\u2019ambiance du club et offrir aux enfants un environnement encore plus structur\u00e9, rassurant et convivial.<br>\u201cParent r\u00e9f\u00e9rent : le soutien qui fait la diff\u00e9rence.\u201d Rejoins-nous et deviens un acteur pr\u00e9cieux du F\u00e9nix !<\/p>\n\n\n\n<div style=\"height:100px\" aria-hidden=\"true\" class=\"maxi-block--use-sc wp-block-spacer\"><\/div>\n\n\n\n<figure class=\"maxi-block--use-sc wp-block-image size-full is-resized\"><img loading=\"lazy\" decoding=\"async\" width=\"2560\" height=\"1420\" src=\"https:\/\/fenix-asso.com\/wp-content\/uploads\/2025\/11\/20251020_124444-scaled.jpg\" alt=\"\" class=\"wp-image-423\" style=\"width:2023px;height:auto\" srcset=\"https:\/\/fenix-asso.com\/wp-content\/uploads\/2025\/11\/20251020_124444-scaled.jpg 2560w, https:\/\/fenix-asso.com\/wp-content\/uploads\/2025\/11\/20251020_124444-300x166.jpg 300w\" sizes=\"auto, (max-width: 2560px) 100vw, 2560px\" \/><\/figure>\n\n\n\n<div style=\"height:100px\" aria-hidden=\"true\" class=\"maxi-block--use-sc wp-block-spacer\"><\/div>\n\n\n\n<div class=\"maxi-block--use-sc wp-block-buttons is-content-justification-center is-layout-flex wp-container-core-buttons-is-layout-35aeb447 wp-block-buttons-is-layout-flex\">\n<div class=\"maxi-block--use-sc wp-block-button has-custom-width wp-block-button__width-50\"><a class=\"wp-block-button__link has-site-title-font-size has-custom-font-size wp-element-button\" href=\"https:\/\/docs.google.com\/forms\/d\/e\/1FAIpQLSdaJQ4DsQt5f1SCsRb4zLttqWN7QDg-wfE2vYOJjLlKFXEq5Q\/viewform?usp=pp_url\" style=\"border-radius:100px;padding-right:0;padding-left:0\">Inscription<\/a><\/div>\n<\/div>\n\n\n\n<div style=\"height:100px\" aria-hidden=\"true\" class=\"maxi-block--use-sc wp-block-spacer\"><\/div>\n\n\n\n<h3 class=\"maxi-block--use-sc wp-block-heading\"><strong>Une vraie plus-value pour le club\u2026 et pour toi !<\/strong><\/h3>\n\n\n\n<p class=\"maxi-block--use-sc\">S\u2019engager comme parent r\u00e9f\u00e9rent, c\u2019est vivre l\u2019aventure du handball aux c\u00f4t\u00e9s de ton enfant et participer pleinement \u00e0 la vie du club.<br>Mais c\u2019est aussi une exp\u00e9rience enrichissante :<\/p>\n\n\n\n<ul class=\"maxi-block--use-sc wp-block-list\">\n<li class=\"maxi-block--use-sc\">Tu contribues directement au bien-\u00eatre et \u00e0 la progression du groupe.<\/li>\n\n\n\n<li class=\"maxi-block--use-sc\">Tu participes \u00e0 l\u2019organisation, \u00e0 la communication et au bon d\u00e9roulement des activit\u00e9s.<\/li>\n\n\n\n<li class=\"maxi-block--use-sc\">Tu renforces l\u2019esprit d\u2019\u00e9quipe, la coh\u00e9sion et le fair-play.<\/li>\n\n\n\n<li class=\"maxi-block--use-sc\">Tu deviens un relais essentiel entre les familles, les entra\u00eeneurs et les responsables du club.<\/li>\n<\/ul>\n\n\n\n<p class=\"maxi-block--use-sc\">Une mission utile, conviviale\u2026 et toujours appr\u00e9ci\u00e9e par tout le monde !<\/p>\n\n\n\n<hr class=\"maxi-block--use-sc wp-block-separator has-alpha-channel-opacity\"\/>\n\n\n\n<h3 class=\"maxi-block--use-sc wp-block-heading\"><strong>Rejoins les parents r\u00e9f\u00e9rents du F\u00e9nix Toulouse Handball<\/strong><\/h3>\n\n\n\n<p class=\"maxi-block--use-sc\">Chaque parent peut choisir ses missions parmi un large panel selon ses envies et disponibilit\u00e9s :<\/p>\n\n\n\n<p class=\"maxi-block--use-sc\"><strong>\ud83d\udfe6 1. Soutien \u00e0 l\u2019encadrement sportif<\/strong><br>\u2022 Aider \u00e0 l\u2019installation et au rangement du mat\u00e9riel<br>\u2022 Encadrer un petit groupe (selon comp\u00e9tences et consignes du coach)<br>\u2022 Accompagner l\u2019\u00e9quipe lors des matchs et d\u00e9placements<\/p>\n\n\n\n<p class=\"maxi-block--use-sc\"><strong>\ud83d\udfe6 2. Responsable de salle<\/strong><br>\u2022 Veiller au bon d\u00e9roulement des rencontres (police de terrain)<\/p>\n\n\n\n<p class=\"maxi-block--use-sc\"><strong>\ud83d\udfe6 3. Gestion de la table de marque<\/strong><br>\u2022 Tenir le chrono, le score et la feuille de match<br>\u2022 Accompagner l\u2019\u00e9quipe adverse \u00e0 l\u2019avant-match<\/p>\n\n\n\n<p class=\"maxi-block--use-sc\"><strong>\ud83d\udfe6 4. Coordination avec les familles<\/strong><br>\u2022 Faire le lien entre entra\u00eeneurs, parents et club<\/p>\n\n\n\n<p class=\"maxi-block--use-sc\"><strong>\ud83d\udfe6 5. Organisation des d\u00e9placements<\/strong><br>\u2022 G\u00e9rer le covoiturage et les conducteurs<br>\u2022 Coordonner les trajets pour les matchs ext\u00e9rieurs<\/p>\n\n\n\n<p class=\"maxi-block--use-sc\"><strong>\ud83d\udfe6 6. Organisation d\u2019\u00e9v\u00e9nements d\u2019\u00e9quipe<\/strong><br>\u2022 Pr\u00e9parer go\u00fbters et moments conviviaux<br>\u2022 Aider lors des matchs \u00e0 domicile (accueil, buvette, etc.)<\/p>\n\n\n\n<p class=\"maxi-block--use-sc\"><strong>\ud83d\udfe6 7. Suivi administratif simple<\/strong><br>\u2022 V\u00e9rifier les licences<br>\u2022 Aider \u00e0 r\u00e9cup\u00e9rer les documents manquants<\/p>\n\n\n\n<p class=\"maxi-block--use-sc\"><strong>\ud83d\udfe6 8. R\u00f4le de m\u00e9diation et d\u2019exemplarit\u00e9<\/strong><br>\u2022 Promouvoir le respect, le fair-play<br>\u2022 Veiller au bon comportement des jeunes et des familles<br>\u2022 Alerter le club en cas de probl\u00e8me<\/p>\n\n\n\n<hr class=\"maxi-block--use-sc wp-block-separator has-alpha-channel-opacity\"\/>\n\n\n\n<p class=\"maxi-block--use-sc\">\ud83d\udc49 <strong>Envie de t\u2019impliquer dans la vie de l\u2019\u00e9quipe ? Rejoins les parents r\u00e9f\u00e9rents du F\u00e9nix Toulouse Handball !<\/strong><\/p>\n\n\n\n<div style=\"height:100px\" aria-hidden=\"true\" class=\"maxi-block--use-sc wp-block-spacer\"><\/div>\n\n\n\n<p class=\"maxi-block--use-sc\"><\/p>\n","protected":false},"excerpt":{"rendered":"<p>\u201cTu veux t\u2019impliquer dans la vie de l\u2019\u00e9quipe ? Deviens parent r\u00e9f\u00e9rent du F\u00e9nix !\u201d Au F\u00e9nix Toulouse Handball, les parents r\u00e9f\u00e9rents jouent un r\u00f4le essentiel : ils soutiennent les entra\u00eeneurs, accompagnent les jeunes, facilitent l\u2019organisation et contribuent au bon d\u00e9roulement de toute la saison.Devenir parent r\u00e9f\u00e9rent, c\u2019est entrer au c\u0153ur de la vie de [&hellip;]<\/p>\n","protected":false},"author":4,"featured_media":0,"parent":0,"menu_order":0,"comment_status":"closed","ping_status":"closed","template":"","meta":{"footnotes":""},"class_list":["post-515","page","type-page","status-publish","hentry"],"_links":{"self":[{"href":"https:\/\/fenix-asso.com\/index.php\/wp-json\/wp\/v2\/pages\/515","targetHints":{"allow":["GET"]}}],"collection":[{"href":"https:\/\/fenix-asso.com\/index.php\/wp-json\/wp\/v2\/pages"}],"about":[{"href":"https:\/\/fenix-asso.com\/index.php\/wp-json\/wp\/v2\/types\/page"}],"author":[{"embeddable":true,"href":"https:\/\/fenix-asso.com\/index.php\/wp-json\/wp\/v2\/users\/4"}],"replies":[{"embeddable":true,"href":"https:\/\/fenix-asso.com\/index.php\/wp-json\/wp\/v2\/comments?post=515"}],"version-history":[{"count":7,"href":"https:\/\/fenix-asso.com\/index.php\/wp-json\/wp\/v2\/pages\/515\/revisions"}],"predecessor-version":[{"id":614,"href":"https:\/\/fenix-asso.com\/index.php\/wp-json\/wp\/v2\/pages\/515\/revisions\/614"}],"wp:attachment":[{"href":"https:\/\/fenix-asso.com\/index.php\/wp-json\/wp\/v2\/media?parent=515"}],"curies":[{"name":"wp","href":"https:\/\/api.w.org\/{rel}","templated":true}]}}