{"id":565,"date":"2025-11-25T15:50:51","date_gmt":"2025-11-25T14:50:51","guid":{"rendered":"https:\/\/fenix-asso.com\/?page_id=565"},"modified":"2025-11-28T14:20:52","modified_gmt":"2025-11-28T13:20:52","slug":"recrutement-benevole","status":"publish","type":"page","link":"https:\/\/fenix-asso.com\/index.php\/recrutement-benevole\/","title":{"rendered":"RECRUTEMENT B\u00c9N\u00c9VOLE"},"content":{"rendered":"\n<div style=\"height:100px\" aria-hidden=\"true\" class=\"maxi-block--use-sc wp-block-spacer\"><\/div>\n\n\n\n<h2 class=\"maxi-block--use-sc wp-block-heading\"><strong>\u201cTu veux vivre le club de l\u2019int\u00e9rieur ? Deviens b\u00e9n\u00e9vole sur nos projets du F\u00e9nix !\u201d<\/strong><\/h2>\n\n\n\n<p class=\"maxi-block--use-sc\"><\/p>\n\n\n\n<p class=\"maxi-block--use-sc\">Au F\u00e9nix Toulouse Handball, les b\u00e9n\u00e9voles sont les artisans de nos plus beaux moments : tournois, \u00e9v\u00e9nements, actions club, journ\u00e9es festives\u2026 Ce sont eux qui donnent vie aux projets, cr\u00e9ent l\u2019ambiance, accueillent les familles et font briller le club.<br>Devenir b\u00e9n\u00e9vole au F\u00e9nix, c\u2019est participer \u00e0 une aventure humaine forte, prendre part \u00e0 des projets concrets et vivre des moments intenses au sein d\u2019une \u00e9quipe dynamique et conviviale.<br>\u201cB\u00e9n\u00e9vole : fais vibrer le club.\u201d Rejoins-nous et deviens un acteur essentiel de nos \u00e9v\u00e9nements !<\/p>\n\n\n\n<p class=\"maxi-block--use-sc\">\ud83e\udd1d Nous recherchons :<br>\u2022 Des b\u00e9n\u00e9voles ponctuels (accueil, organisation, \u00e9v\u00e9nements, logistique&#8230;)<br>\u2022 Des b\u00e9n\u00e9voles pour aider \u00e0 l\u2019administratif du club (communication, secr\u00e9tariat, gestion, support aux \u00e9quipes,&#8230;)<\/p>\n\n\n\n<p class=\"maxi-block--use-sc\"><\/p>\n\n\n\n<p class=\"maxi-block--use-sc\"><strong>Voir les offres ci-dessous et n&rsquo;h\u00e9site pas \u00e0 proposer si rien ne te convient !<\/strong><\/p>\n\n\n\n<p class=\"maxi-block--use-sc\"><\/p>\n\n\n\n<p class=\"maxi-block--use-sc\">\ud83d\udc99 Ce qu\u2019on t\u2019offre :<br>\u2022 Une ambiance chaleureuse et passionn\u00e9e<br>\u2022 La possibilit\u00e9 de contribuer selon tes disponibilit\u00e9s<br>\u2022 Des missions vari\u00e9es et adapt\u00e9es \u00e0 ton profil<br>\u2022 La fiert\u00e9 de soutenir un club qui fait vibrer Toulouse !<\/p>\n\n\n\n<p class=\"maxi-block--use-sc\">Tu veux rejoindre l\u2019aventure ? \u00c9cris-nous ou viens nous rencontrer au club !<br>Ensemble, faisons grandir le Fenix \ud83d\udd25\ud83d\udc50<\/p>\n\n\n\n<div style=\"height:100px\" aria-hidden=\"true\" class=\"maxi-block--use-sc wp-block-spacer\"><\/div>\n\n\n\n<div class=\"maxi-block--use-sc wp-block-buttons is-layout-flex wp-block-buttons-is-layout-flex\">\n<div class=\"maxi-block--use-sc wp-block-button has-custom-width wp-block-button__width-100\"><a class=\"wp-block-button__link has-vivid-red-background-color has-background has-site-title-font-size has-custom-font-size wp-element-button\" style=\"border-radius:100px\">LES OFFRES<\/a><\/div>\n<\/div>\n\n\n\n<div class=\"maxi-block--use-sc wp-block-columns are-vertically-aligned-top is-layout-flex wp-container-core-columns-is-layout-28f84493 wp-block-columns-is-layout-flex\">\n<div class=\"maxi-block--use-sc wp-block-column is-vertically-aligned-top is-layout-flow wp-block-column-is-layout-flow\" style=\"flex-basis:50%\">\n<ul class=\"maxi-block--use-sc wp-block-list\"><\/ul>\n\n\n\n<div class=\"wp-block-maxi-blocks-button-maxi maxi-block maxi-button-block maxi-light button-maxi-4da0fd24-u\" id=\"button-maxi-4da0fd24-u\"><button type=\"button\" class=\"maxi-components-button components-button maxi-button-block__button\"><span class=\"maxi-button-block__content\">GESTION LICENCES<br><br>Septembre &#8211; Octobre<\/span><\/button><\/div>\n\n\n\n<hr class=\"maxi-block--use-sc wp-block-separator has-alpha-channel-opacity\"\/>\n\n\n\n<div class=\"wp-block-maxi-blocks-button-maxi maxi-block maxi-button-block maxi-light button-maxi-47ba66bd-u\" id=\"button-maxi-47ba66bd-u\"><button type=\"button\" class=\"maxi-components-button components-button maxi-button-block__button\"><span class=\"maxi-button-block__content\">VICE &#8211; SECRETAIRE<br><br>Saison<\/span><\/button><\/div>\n\n\n\n<hr class=\"maxi-block--use-sc wp-block-separator has-alpha-channel-opacity\"\/>\n\n\n\n<div class=\"wp-block-maxi-blocks-button-maxi maxi-block maxi-button-block maxi-light button-maxi-0cdeb36f-u\" id=\"button-maxi-0cdeb36f-u\"><button type=\"button\" class=\"maxi-components-button components-button maxi-button-block__button\"><span class=\"maxi-button-block__content\">GESTION INSCRIPTIONS STAGES<br><br>Ev\u00e8nements<\/span><\/button><\/div>\n<\/div>\n\n\n\n<div class=\"maxi-block--use-sc wp-block-column is-layout-flow wp-block-column-is-layout-flow\" style=\"flex-basis:50%\">\n<p class=\"maxi-block--use-sc\"><\/p>\n\n\n\n<p class=\"maxi-block--use-sc\"><\/p>\n\n\n\n<p class=\"maxi-block--use-sc\"><\/p>\n\n\n\n<h2 class=\"maxi-block--use-sc wp-block-heading has-text-align-center\">Candidatures B\u00e9n\u00e9vole<\/h2>\n\n\n\n<p class=\"maxi-block--use-sc has-text-align-center\"><strong>Secteur administratif<\/strong><\/p>\n<\/div>\n<\/div>\n\n\n\n<div class=\"maxi-block--use-sc wp-block-columns is-layout-flex wp-container-core-columns-is-layout-28f84493 wp-block-columns-is-layout-flex\">\n<div class=\"maxi-block--use-sc wp-block-column is-layout-flow wp-block-column-is-layout-flow\" style=\"flex-basis:50%\"><\/div>\n\n\n\n<div class=\"maxi-block--use-sc wp-block-column is-layout-flow wp-block-column-is-layout-flow\" style=\"flex-basis:50%\"><\/div>\n<\/div>\n\n\n\n<div style=\"height:100px\" aria-hidden=\"true\" class=\"maxi-block--use-sc wp-block-spacer\"><\/div>\n","protected":false},"excerpt":{"rendered":"<p>\u201cTu veux vivre le club de l\u2019int\u00e9rieur ? Deviens b\u00e9n\u00e9vole sur nos projets du F\u00e9nix !\u201d Au F\u00e9nix Toulouse Handball, les b\u00e9n\u00e9voles sont les artisans de nos plus beaux moments : tournois, \u00e9v\u00e9nements, actions club, journ\u00e9es festives\u2026 Ce sont eux qui donnent vie aux projets, cr\u00e9ent l\u2019ambiance, accueillent les familles et font briller le club.Devenir [&hellip;]<\/p>\n","protected":false},"author":4,"featured_media":0,"parent":0,"menu_order":0,"comment_status":"closed","ping_status":"closed","template":"","meta":{"footnotes":""},"class_list":["post-565","page","type-page","status-publish","hentry"],"_links":{"self":[{"href":"https:\/\/fenix-asso.com\/index.php\/wp-json\/wp\/v2\/pages\/565","targetHints":{"allow":["GET"]}}],"collection":[{"href":"https:\/\/fenix-asso.com\/index.php\/wp-json\/wp\/v2\/pages"}],"about":[{"href":"https:\/\/fenix-asso.com\/index.php\/wp-json\/wp\/v2\/types\/page"}],"author":[{"embeddable":true,"href":"https:\/\/fenix-asso.com\/index.php\/wp-json\/wp\/v2\/users\/4"}],"replies":[{"embeddable":true,"href":"https:\/\/fenix-asso.com\/index.php\/wp-json\/wp\/v2\/comments?post=565"}],"version-history":[{"count":13,"href":"https:\/\/fenix-asso.com\/index.php\/wp-json\/wp\/v2\/pages\/565\/revisions"}],"predecessor-version":[{"id":616,"href":"https:\/\/fenix-asso.com\/index.php\/wp-json\/wp\/v2\/pages\/565\/revisions\/616"}],"wp:attachment":[{"href":"https:\/\/fenix-asso.com\/index.php\/wp-json\/wp\/v2\/media?parent=565"}],"curies":[{"name":"wp","href":"https:\/\/api.w.org\/{rel}","templated":true}]}}