{"id":57,"date":"2025-08-27T10:43:26","date_gmt":"2025-08-27T08:43:26","guid":{"rendered":"https:\/\/fenix-asso.com\/?page_id=57"},"modified":"2025-08-27T12:41:21","modified_gmt":"2025-08-27T10:41:21","slug":"devenir-partenaire","status":"publish","type":"page","link":"https:\/\/fenix-asso.com\/index.php\/devenir-partenaire\/","title":{"rendered":"Devenir partenaire"},"content":{"rendered":"\n<p class=\"maxi-block--use-sc\">Soutenir le club associatif du Fenix Jeunes, c&rsquo;est <\/p>\n\n\n\n<div class=\"maxi-block--use-sc wp-block-columns is-layout-flex wp-container-core-columns-is-layout-28f84493 wp-block-columns-is-layout-flex\">\n<div class=\"maxi-block--use-sc wp-block-column is-layout-flow wp-block-column-is-layout-flow\" style=\"flex-basis:66.66%\">\n<ul class=\"maxi-block--use-sc wp-block-list\">\n<li class=\"maxi-block--use-sc\"><strong>Accro\u00eetre la visibilit\u00e9 de votre marque<\/strong> sur la ville de Toulouse, sur la Haute Garonne mais aussi sur la r\u00e9gion Occitanie tout en ayant un r\u00f4le d&rsquo;acteur local engag\u00e9 dans la vie du territoire.<\/li>\n\n\n\n<li class=\"maxi-block--use-sc\"><strong>D\u00e9velopper votre r\u00e9seau Business<\/strong> \u00e0 travers nos soir\u00e9es partenaires<\/li>\n\n\n\n<li class=\"maxi-block--use-sc\"><strong>Association de votre marque \u00e0 des valeurs positives<\/strong> : esprit d\u2019\u00e9quipe, solidarit\u00e9, dynamisme, performance que sont les valeurs de notre club.<\/li>\n\n\n\n<li class=\"maxi-block--use-sc\"><strong>Contribuer au d\u00e9veloppement du sport amateur et de la jeunesse<\/strong> (responsabilit\u00e9 soci\u00e9tale des entreprises).<\/li>\n<\/ul>\n<\/div>\n\n\n\n<div class=\"maxi-block--use-sc wp-block-column is-vertically-aligned-center is-layout-flow wp-block-column-is-layout-flow\" style=\"flex-basis:33.33%\">\n<figure class=\"maxi-block--use-sc wp-block-image size-full\"><img loading=\"lazy\" decoding=\"async\" width=\"376\" height=\"327\" src=\"https:\/\/fenix-asso.com\/wp-content\/uploads\/2025\/08\/Capture-decran-2025-08-27-a-12.15.13.png\" alt=\"\" class=\"wp-image-98\" srcset=\"https:\/\/fenix-asso.com\/wp-content\/uploads\/2025\/08\/Capture-decran-2025-08-27-a-12.15.13.png 376w, https:\/\/fenix-asso.com\/wp-content\/uploads\/2025\/08\/Capture-decran-2025-08-27-a-12.15.13-300x261.png 300w, https:\/\/fenix-asso.com\/wp-content\/uploads\/2025\/08\/Capture-decran-2025-08-27-a-12.15.13-128x111.png 128w, https:\/\/fenix-asso.com\/wp-content\/uploads\/2025\/08\/Capture-decran-2025-08-27-a-12.15.13-32x28.png 32w\" sizes=\"auto, (max-width: 376px) 100vw, 376px\" \/><\/figure>\n<\/div>\n<\/div>\n\n\n\n<p class=\"maxi-block--use-sc\">Quelques exemples de mise en avant du partenaire:<\/p>\n\n\n\n<div class=\"maxi-block--use-sc wp-block-columns is-layout-flex wp-container-core-columns-is-layout-28f84493 wp-block-columns-is-layout-flex\">\n<div class=\"maxi-block--use-sc wp-block-column is-layout-flow wp-block-column-is-layout-flow\" style=\"flex-basis:33.33%\">\n<figure class=\"maxi-block--use-sc wp-block-image size-large\"><img loading=\"lazy\" decoding=\"async\" width=\"819\" height=\"1024\" src=\"https:\/\/fenix-asso.com\/wp-content\/uploads\/2025\/08\/affiche-fenix-819x1024.jpg\" alt=\"\" class=\"wp-image-100\" srcset=\"https:\/\/fenix-asso.com\/wp-content\/uploads\/2025\/08\/affiche-fenix-819x1024.jpg 819w, https:\/\/fenix-asso.com\/wp-content\/uploads\/2025\/08\/affiche-fenix-240x300.jpg 240w, https:\/\/fenix-asso.com\/wp-content\/uploads\/2025\/08\/affiche-fenix-768x960.jpg 768w, https:\/\/fenix-asso.com\/wp-content\/uploads\/2025\/08\/affiche-fenix-1229x1536.jpg 1229w, https:\/\/fenix-asso.com\/wp-content\/uploads\/2025\/08\/affiche-fenix-102x128.jpg 102w, https:\/\/fenix-asso.com\/wp-content\/uploads\/2025\/08\/affiche-fenix-26x32.jpg 26w, https:\/\/fenix-asso.com\/wp-content\/uploads\/2025\/08\/affiche-fenix.jpg 1440w\" sizes=\"auto, (max-width: 819px) 100vw, 819px\" \/><\/figure>\n<\/div>\n\n\n\n<div class=\"maxi-block--use-sc wp-block-column is-vertically-aligned-center is-layout-flow wp-block-column-is-layout-flow\" style=\"flex-basis:66.66%\">\n<ul class=\"maxi-block--use-sc wp-block-list\">\n<li class=\"maxi-block--use-sc\"><strong>Pr\u00e9sence du logo<\/strong> sur les maillots, shorts ou divers \u00e9quipements.<\/li>\n\n\n\n<li class=\"maxi-block--use-sc\"><strong>Affichage du logo<\/strong> dans la salle (panneaux fixes ou kak\u00e9monos).<\/li>\n\n\n\n<li class=\"maxi-block--use-sc\"><strong>Pr\u00e9sence dans les supports de communication<\/strong> (site web, r\u00e9seaux sociaux, newsletters, affiches d\u2019\u00e9v\u00e9nements).<\/li>\n\n\n\n<li class=\"maxi-block--use-sc\"><strong>Mention lors des matchs<\/strong> et \u00e9v\u00e9nements (annonce micro, remerciements publics).<\/li>\n\n\n\n<li class=\"maxi-block--use-sc\"><strong>Couverture m\u00e9diatique locale<\/strong> : retomb\u00e9es dans les m\u00e9dias locaux\/r\u00e9gionaux.<\/li>\n<\/ul>\n<\/div>\n<\/div>\n\n\n\n<p class=\"maxi-block--use-sc\">       <\/p>\n\n\n\n<p class=\"maxi-block--use-sc\"><\/p>\n\n\n\n<p class=\"maxi-block--use-sc has-text-align-center\" style=\"font-size:30px\"><strong>Pr\u00eat pour un partenariat gagnant-gagnant ?<\/strong><\/p>\n\n\n\n<div class=\"maxi-block--use-sc wp-block-columns is-layout-flex wp-container-core-columns-is-layout-28f84493 wp-block-columns-is-layout-flex\">\n<div class=\"maxi-block--use-sc wp-block-column is-layout-flow wp-block-column-is-layout-flow\">\n<p class=\"maxi-block--use-sc has-text-align-center\"><strong>Plaquette Partenaire<\/strong><\/p>\n\n\n\n<p class=\"maxi-block--use-sc\">T\u00e9l\u00e9charger la plaquette partenaire pour en apprendre plus sur notre club et sur les possibilit\u00e9s de partenariat et de collaboration.<\/p>\n<\/div>\n\n\n\n<div class=\"maxi-block--use-sc wp-block-column is-layout-flow wp-block-column-is-layout-flow\" style=\"flex-basis:4%\"><\/div>\n\n\n\n<div class=\"maxi-block--use-sc wp-block-column is-layout-flow wp-block-column-is-layout-flow\">\n<p class=\"maxi-block--use-sc has-text-align-center\"><strong>Contacter nous<\/strong><\/p>\n\n\n\n<p class=\"maxi-block--use-sc\">Vous pouvez nous contacter pour \u00e9changer sur notre futur partenariat<\/p>\n<\/div>\n<\/div>\n\n\n\n<div class=\"maxi-block--use-sc wp-block-columns is-layout-flex wp-container-core-columns-is-layout-28f84493 wp-block-columns-is-layout-flex\">\n<div class=\"maxi-block--use-sc wp-block-column is-layout-flow wp-block-column-is-layout-flow\">\n<div class=\"maxi-block--use-sc wp-block-buttons is-content-justification-center is-layout-flex wp-container-core-buttons-is-layout-a89b3969 wp-block-buttons-is-layout-flex\">\n<div class=\"maxi-block--use-sc wp-block-button animation-bulle\"><a class=\"wp-block-button__link has-white-color has-vivid-cyan-blue-background-color has-text-color has-background has-link-color wp-element-button\" href=\"https:\/\/drive.google.com\/uc?export=download&amp;id=19G1Kw6eMSKKTBEg4qMyUDljubHIzcUWE\">T\u00e9l\u00e9charger la plaquette<\/a><\/div>\n<\/div>\n<\/div>\n\n\n\n<div class=\"maxi-block--use-sc wp-block-column is-layout-flow wp-block-column-is-layout-flow\">\n<div class=\"maxi-block--use-sc wp-block-buttons is-content-justification-center is-layout-flex wp-container-core-buttons-is-layout-a89b3969 wp-block-buttons-is-layout-flex\">\n<div class=\"maxi-block--use-sc wp-block-button animation-bulle\"><a class=\"wp-block-button__link has-white-color has-vivid-cyan-blue-background-color has-text-color has-background has-link-color has-text-align-center wp-element-button\" href=\"mailto:francois.breuiller@fenix-asso.com\">Contact Partenariat<\/a><\/div>\n<\/div>\n<\/div>\n<\/div>\n\n\n\n<p class=\"maxi-block--use-sc\"><\/p>\n","protected":false},"excerpt":{"rendered":"<p>Soutenir le club associatif du Fenix Jeunes, c&rsquo;est Quelques exemples de mise en avant du partenaire: Pr\u00eat pour un partenariat gagnant-gagnant ? Plaquette Partenaire T\u00e9l\u00e9charger la plaquette partenaire pour en apprendre plus sur notre club et sur les possibilit\u00e9s de partenariat et de collaboration. Contacter nous Vous pouvez nous contacter pour \u00e9changer sur notre futur [&hellip;]<\/p>\n","protected":false},"author":1,"featured_media":0,"parent":0,"menu_order":0,"comment_status":"closed","ping_status":"closed","template":"","meta":{"footnotes":""},"class_list":["post-57","page","type-page","status-publish","hentry"],"_links":{"self":[{"href":"https:\/\/fenix-asso.com\/index.php\/wp-json\/wp\/v2\/pages\/57","targetHints":{"allow":["GET"]}}],"collection":[{"href":"https:\/\/fenix-asso.com\/index.php\/wp-json\/wp\/v2\/pages"}],"about":[{"href":"https:\/\/fenix-asso.com\/index.php\/wp-json\/wp\/v2\/types\/page"}],"author":[{"embeddable":true,"href":"https:\/\/fenix-asso.com\/index.php\/wp-json\/wp\/v2\/users\/1"}],"replies":[{"embeddable":true,"href":"https:\/\/fenix-asso.com\/index.php\/wp-json\/wp\/v2\/comments?post=57"}],"version-history":[{"count":12,"href":"https:\/\/fenix-asso.com\/index.php\/wp-json\/wp\/v2\/pages\/57\/revisions"}],"predecessor-version":[{"id":114,"href":"https:\/\/fenix-asso.com\/index.php\/wp-json\/wp\/v2\/pages\/57\/revisions\/114"}],"wp:attachment":[{"href":"https:\/\/fenix-asso.com\/index.php\/wp-json\/wp\/v2\/media?parent=57"}],"curies":[{"name":"wp","href":"https:\/\/api.w.org\/{rel}","templated":true}]}}