{"id":575,"date":"2025-11-26T15:53:36","date_gmt":"2025-11-26T14:53:36","guid":{"rendered":"https:\/\/fenix-asso.com\/?page_id=575"},"modified":"2025-12-02T16:05:09","modified_gmt":"2025-12-02T15:05:09","slug":"arbitre","status":"publish","type":"page","link":"https:\/\/fenix-asso.com\/index.php\/arbitre\/","title":{"rendered":"RECRUTEMENTS ARBITRES"},"content":{"rendered":"\n<div style=\"height:100px\" aria-hidden=\"true\" class=\"maxi-block--use-sc wp-block-spacer\"><\/div>\n\n\n\n<h2 class=\"maxi-block--use-sc wp-block-heading\"><strong>\u201cTu veux vivre le handball autrement ? Rejoins l\u2019arbitrage du F\u00e9nix !\u201d<\/strong><\/h2>\n\n\n\n<p class=\"maxi-block--use-sc\"><br>Au F\u00e9nix Toulouse Handball, l\u2019arbitre est un v\u00e9ritable pilier du jeu : garant du respect des r\u00e8gles, de l\u2019\u00e9quit\u00e9 et de la s\u00e9curit\u00e9, il permet \u00e0 chaque match de se d\u00e9rouler dans un esprit sportif, intense et passionn\u00e9. Devenir arbitre, c\u2019est entrer au c\u0153ur de l\u2019action, contribuer \u00e0 la qualit\u00e9 du jeu et rejoindre une aventure humaine valorisante. Avec son parcours de formation d\u00e9di\u00e9, le F\u00e9nix accompagne tous ceux qui souhaitent prendre le sifflet : jeunes, parents, joueurs ou passionn\u00e9s. <strong>\u201cArbitre : fais battre le c\u0153ur du jeu.\u201d<\/strong> Rejoins-nous et deviens un acteur essentiel de notre club !<\/p>\n\n\n\n<div style=\"height:100px\" aria-hidden=\"true\" class=\"maxi-block--use-sc wp-block-spacer\"><\/div>\n\n\n\n<figure class=\"maxi-block--use-sc wp-block-image aligncenter size-full is-resized\"><img loading=\"lazy\" decoding=\"async\" width=\"874\" height=\"896\" src=\"https:\/\/fenix-asso.com\/wp-content\/uploads\/2025\/11\/Capture-decran-451.png\" alt=\"\" class=\"wp-image-576\" style=\"aspect-ratio:4\/3;object-fit:cover;width:2023px;height:auto\" srcset=\"https:\/\/fenix-asso.com\/wp-content\/uploads\/2025\/11\/Capture-decran-451.png 874w, https:\/\/fenix-asso.com\/wp-content\/uploads\/2025\/11\/Capture-decran-451-293x300.png 293w, https:\/\/fenix-asso.com\/wp-content\/uploads\/2025\/11\/Capture-decran-451-768x787.png 768w\" sizes=\"auto, (max-width: 874px) 100vw, 874px\" \/><\/figure>\n\n\n\n<div style=\"height:100px\" aria-hidden=\"true\" class=\"maxi-block--use-sc wp-block-spacer\"><\/div>\n\n\n\n<div class=\"maxi-block--use-sc wp-block-buttons is-content-justification-center is-layout-flex wp-container-core-buttons-is-layout-a89b3969 wp-block-buttons-is-layout-flex\">\n<div class=\"maxi-block--use-sc wp-block-button has-custom-width wp-block-button__width-50\"><a class=\"wp-block-button__link has-site-title-font-size has-custom-font-size wp-element-button\" href=\"https:\/\/docs.google.com\/forms\/d\/e\/1FAIpQLSeo7mmwSfGh1AftpCi-_94PKxHD7PxYqH0qQxS83rkvCqaMpQ\/viewform?usp=header\" style=\"border-style:none;border-width:0px;border-radius:100px\">Rejoins &#8211; nous !<\/a><\/div>\n<\/div>\n\n\n\n<div style=\"height:100px\" aria-hidden=\"true\" class=\"maxi-block--use-sc wp-block-spacer\"><\/div>\n\n\n\n<h2 class=\"maxi-block--use-sc wp-block-heading\"><strong>Pourquoi des arbitres ? Parce qu\u2019ils sont au c\u0153ur du jeu !<\/strong><\/h2>\n\n\n\n<p class=\"maxi-block--use-sc\">Au handball, rien ne peut se construire sans arbitres : ce sont eux qui assurent le respect des r\u00e8gles, garantissent l\u2019\u00e9quit\u00e9 entre les \u00e9quipes et veillent \u00e0 la s\u00e9curit\u00e9 de tous. Leur pr\u00e9sence permet de vivre des matchs intenses, fluides, passionnants\u2026 bref, du vrai handball !<\/p>\n\n\n\n<p class=\"maxi-block--use-sc\"><\/p>\n\n\n\n<h3 class=\"maxi-block--use-sc wp-block-heading\"><strong>Une r\u00e9elle plus-value pour le club\u2026 et pour toi<\/strong><\/h3>\n\n\n\n<p class=\"maxi-block--use-sc\">S\u2019engager dans l\u2019arbitrage, c\u2019est devenir un acteur essentiel de la vie du club et du d\u00e9veloppement du handball. Les arbitres contribuent directement \u00e0 la qualit\u00e9 des rencontres, \u00e0 la progression des joueurs et \u00e0 la construction d\u2019un esprit sportif exemplaire.<\/p>\n\n\n\n<p class=\"maxi-block--use-sc\">Mais c\u2019est aussi une <strong>v\u00e9ritable plus-value personnelle<\/strong> :<\/p>\n\n\n\n<ul class=\"maxi-block--use-sc wp-block-list\">\n<li class=\"maxi-block--use-sc\">En arbitrant, tu d\u00e9veloppes ton leadership, ta confiance et ta prise de d\u00e9cision.<\/li>\n\n\n\n<li class=\"maxi-block--use-sc\">Tu apprends \u00e0 g\u00e9rer la pression, \u00e0 communiquer efficacement et \u00e0 adopter un regard plus strat\u00e9gique sur le jeu.<\/li>\n\n\n\n<li class=\"maxi-block--use-sc\">Et si tu es joueur, l\u2019arbitrage devient un atout pr\u00e9cieux : mieux comprendre les r\u00e8gles te permet d\u2019anticiper, de lire le jeu autrement et d\u2019am\u00e9liorer tes performances sur le terrain.<\/li>\n<\/ul>\n\n\n\n<p class=\"maxi-block--use-sc\">L\u2019arbitrage, c\u2019est donc une double victoire : pour le club\u2026 et pour toi !<\/p>\n\n\n\n<p class=\"maxi-block--use-sc\"><\/p>\n\n\n\n<h3 class=\"maxi-block--use-sc wp-block-heading\"><strong>Rejoins la formation arbitrale du F\u00e9nix Toulouse Handball<\/strong><\/h3>\n\n\n\n<p class=\"maxi-block--use-sc\">Le F\u00e9nix propose un parcours complet pour accompagner tous ceux qui souhaitent prendre le sifflet :<br>\u2022 <strong>S\u00e9ances de formation th\u00e9orique et pratique<\/strong><br>\u2022 <strong>Encadrement par des arbitres exp\u00e9riment\u00e9s<\/strong><br>\u2022 <strong>Suivi personnalis\u00e9 sur les matchs<\/strong><br>\u2022 <strong>\u00c9volution possible vers l\u2019arbitrage d\u00e9partemental et r\u00e9gional<\/strong><\/p>\n\n\n\n<p class=\"maxi-block--use-sc\">Que tu sois joueur, parent ou passionn\u00e9, l\u2019arbitrage t\u2019ouvre de nouvelles perspectives\u2026 et le club a besoin de toi !<\/p>\n\n\n\n<p class=\"maxi-block--use-sc\">\ud83d\udc49 <strong>Pr\u00eat \u00e0 prendre le sifflet ? Rejoins la formation arbitre du F\u00e9nix Toulouse Handball !<\/strong><\/p>\n\n\n\n<div style=\"height:100px\" aria-hidden=\"true\" class=\"maxi-block--use-sc wp-block-spacer\"><\/div>\n","protected":false},"excerpt":{"rendered":"<p>\u201cTu veux vivre le handball autrement ? Rejoins l\u2019arbitrage du F\u00e9nix !\u201d Au F\u00e9nix Toulouse Handball, l\u2019arbitre est un v\u00e9ritable pilier du jeu : garant du respect des r\u00e8gles, de l\u2019\u00e9quit\u00e9 et de la s\u00e9curit\u00e9, il permet \u00e0 chaque match de se d\u00e9rouler dans un esprit sportif, intense et passionn\u00e9. Devenir arbitre, c\u2019est entrer au [&hellip;]<\/p>\n","protected":false},"author":4,"featured_media":0,"parent":0,"menu_order":0,"comment_status":"closed","ping_status":"closed","template":"","meta":{"footnotes":""},"class_list":["post-575","page","type-page","status-publish","hentry"],"_links":{"self":[{"href":"https:\/\/fenix-asso.com\/index.php\/wp-json\/wp\/v2\/pages\/575","targetHints":{"allow":["GET"]}}],"collection":[{"href":"https:\/\/fenix-asso.com\/index.php\/wp-json\/wp\/v2\/pages"}],"about":[{"href":"https:\/\/fenix-asso.com\/index.php\/wp-json\/wp\/v2\/types\/page"}],"author":[{"embeddable":true,"href":"https:\/\/fenix-asso.com\/index.php\/wp-json\/wp\/v2\/users\/4"}],"replies":[{"embeddable":true,"href":"https:\/\/fenix-asso.com\/index.php\/wp-json\/wp\/v2\/comments?post=575"}],"version-history":[{"count":8,"href":"https:\/\/fenix-asso.com\/index.php\/wp-json\/wp\/v2\/pages\/575\/revisions"}],"predecessor-version":[{"id":638,"href":"https:\/\/fenix-asso.com\/index.php\/wp-json\/wp\/v2\/pages\/575\/revisions\/638"}],"wp:attachment":[{"href":"https:\/\/fenix-asso.com\/index.php\/wp-json\/wp\/v2\/media?parent=575"}],"curies":[{"name":"wp","href":"https:\/\/api.w.org\/{rel}","templated":true}]}}