{"id":73,"date":"2025-08-27T10:53:24","date_gmt":"2025-08-27T08:53:24","guid":{"rendered":"https:\/\/fenix-asso.com\/?page_id=73"},"modified":"2025-08-27T11:37:09","modified_gmt":"2025-08-27T09:37:09","slug":"lequipe-ca","status":"publish","type":"page","link":"https:\/\/fenix-asso.com\/index.php\/lequipe-ca\/","title":{"rendered":"L&rsquo;\u00e9quipe CA"},"content":{"rendered":"\n<style class=\"maxi-block--use-sc\">\ntable {\n  font-family: Arial, Helvetica, sans-serif;\n  font-size: 12px;\n  border-collapse: collapse;\n  width: 100%;\n}\ntable, th, td {\n  text-align:center;\n  vertical-align: middle;\n  border: 0px;\n  padding: 8px;\n}\ntd { background-color:rgb(249, 249, 249); }\n.img_arrondi { clip-path:ellipse(50% 50%); }\n.styleNom {\n   font-weight: bold;\n   text-color : #131b2d;\n   font-size: 16px;\n}\n.styleFonction {}\n<\/style>\n<table>\n<tr><td width=\"15%\"><img decoding=\"async\" src=\"https:\/\/fenix-asso.com\/wp-content\/uploads\/2025\/08\/femme.jpg\" class=\"img_arrondi\"\/><\/td><td width=\"33%\"><p class=\"styleNom\">Christine Bouillot<\/p>\n<p class=\"styleFonction\">Pr\u00e9sidente<\/p><\/td><td style=\"background-color:#ffffff\" width=\"4%\">&nbsp;<\/td><td width=\"15%\"><img decoding=\"async\" src=\"https:\/\/fenix-asso.com\/wp-content\/uploads\/2025\/08\/homme.jpg\" class=\"img_arrondi\"\/><\/td><td width=\"33%\"><p class=\"styleNom\">Cheikh Diop<\/p><p class=\"styleFonction\">Vice-Pr\u00e9sident<\/p><\/td><\/tr>\n<tr><td colspan=\"5\" style=\"background-color:#ffffff\">&nbsp;<\/td><\/tr>\n<tr><td width=\"15%\"><img decoding=\"async\" src=\"https:\/\/fenix-asso.com\/wp-content\/uploads\/2025\/08\/femme.jpg\" class=\"img_arrondi\"\/><\/td><td width=\"33%\"><p class=\"styleNom\">Pascale Enjalbert<\/p>\n<p class=\"styleFonction\">Tr\u00e9sori\u00e8re<\/p><\/td><td style=\"background-color:#ffffff\" width=\"4%\">&nbsp;<\/td><td width=\"15%\"><img decoding=\"async\" src=\"https:\/\/fenix-asso.com\/wp-content\/uploads\/2025\/08\/homme.jpg\" class=\"img_arrondi\"\/><\/td><td width=\"33%\"><p class=\"styleNom\">Jean-Philippe Bedet<\/p><p class=\"styleFonction\">Secr\u00e9taire<\/p><\/td><\/tr>\n<\/table>\n\n\n\n<p class=\"maxi-block--use-sc\"><\/p>\n","protected":false},"excerpt":{"rendered":"<p>Christine Bouillot Pr\u00e9sidente &nbsp; Cheikh Diop Vice-Pr\u00e9sident &nbsp; Pascale Enjalbert Tr\u00e9sori\u00e8re &nbsp; Jean-Philippe Bedet Secr\u00e9taire<\/p>\n","protected":false},"author":1,"featured_media":0,"parent":0,"menu_order":0,"comment_status":"closed","ping_status":"closed","template":"","meta":{"footnotes":""},"class_list":["post-73","page","type-page","status-publish","hentry"],"_links":{"self":[{"href":"https:\/\/fenix-asso.com\/index.php\/wp-json\/wp\/v2\/pages\/73","targetHints":{"allow":["GET"]}}],"collection":[{"href":"https:\/\/fenix-asso.com\/index.php\/wp-json\/wp\/v2\/pages"}],"about":[{"href":"https:\/\/fenix-asso.com\/index.php\/wp-json\/wp\/v2\/types\/page"}],"author":[{"embeddable":true,"href":"https:\/\/fenix-asso.com\/index.php\/wp-json\/wp\/v2\/users\/1"}],"replies":[{"embeddable":true,"href":"https:\/\/fenix-asso.com\/index.php\/wp-json\/wp\/v2\/comments?post=73"}],"version-history":[{"count":5,"href":"https:\/\/fenix-asso.com\/index.php\/wp-json\/wp\/v2\/pages\/73\/revisions"}],"predecessor-version":[{"id":95,"href":"https:\/\/fenix-asso.com\/index.php\/wp-json\/wp\/v2\/pages\/73\/revisions\/95"}],"wp:attachment":[{"href":"https:\/\/fenix-asso.com\/index.php\/wp-json\/wp\/v2\/media?parent=73"}],"curies":[{"name":"wp","href":"https:\/\/api.w.org\/{rel}","templated":true}]}}